{"id":1262,"date":"2012-11-26T21:55:42","date_gmt":"2012-11-26T21:55:42","guid":{"rendered":"http:\/\/www.revotech.pl\/?page_id=1262"},"modified":"2012-11-26T22:05:04","modified_gmt":"2012-11-26T22:05:04","slug":"whistler","status":"publish","type":"page","link":"https:\/\/www.revotech.pl\/index.php\/whistler\/","title":{"rendered":"Antyradary Whistler"},"content":{"rendered":"<div style=\"font-size: 13px; padding-bottom: 15px;\"><a href=\"http:\/\/www.revotech.pl\/index.php\/antyradary\/\" title=\"Antyradary Escort\">Antyradary Escort<\/a> \/ Antyradary Whistler \/ <a title=\"Jammer Laser Interceptor\" href=\"http:\/\/revotech.pl\/index.php\/jammer\/\">Jammer Laser Interceptor<\/a> \/ <a title=\"Produkty Logitech\" href=\"http:\/\/revotech.pl\/index.php\/produkty-logitech\/\">Produkty Logitech<\/a><\/div>\n<p><img decoding=\"async\" src=\"http:\/\/www.revotech.pl\/wp-content\/uploads\/2012\/11\/whistler-antyradary.jpg\" alt=\"Antyradary Whistler\" title=\"whistler-antyradary\"  class=\"alignnone size-full wp-image-1238\" \/><\/p>\n<div class=\"col-12\">\n<h4 style=\"text-transform:none;\">Whistler &#8211; najnowsza linia antyradar\u00f3w<\/h4>\n<\/div>\n<div class=\"clear\"><\/div>\n<div class=\"clear\"><\/div>\n<div class=\"divider\"><\/div>\n<div class=\"col-14\">\n<div><img decoding=\"async\" src=\"http:\/\/www.revotech.pl\/wp-content\/uploads\/2012\/11\/pro-78xri.jpg\" alt=\"Whistler PRO 79XRi Euro\" style=\"margin-top:10px;\"  \/><\/div>\n<\/div>\n<div class=\"col-12\">\n<p><h4 style=\"text-transform:none;\">Antyradar Whistler PRO-78XRi EURO<\/h4>\n<p>  Antyradar Whistler PRO 78XRi Euro nale\u017cy do najnowszej linii detektor\u00f3w producenta, przygotowanej wy\u0142\u0105cznie na poszczeg\u00f3lne rynki europejskie. Oparty o rozwi\u0105zania poprzednika, prezentuje jednak zupe\u0142nie now\u0105 funkcjonalno\u015b\u0107 i mo\u017cliwo\u015bci. Szczeg\u00f3lny nacisk po\u0142o\u017cono na znaczn\u0105 popraw\u0119 detekcji w pa\u015bmie Ka. <\/p>\n<p>\n<a title=\"Antyradar Whistler PRO-78XRi EURO\" href=\"http:\/\/www.revosklep.pl\/pl\/p\/Antyradar-Pro-78XRi-EURO\/97\" target=\"_blank\">czytaj wi\u0119cej o Whistler PRO-78XRi EURO<\/a><\/div>\n<div class=\"divider\"><\/div>\n<div class=\"col-14\">\n<div><img decoding=\"async\" src=\"http:\/\/www.revotech.pl\/wp-content\/uploads\/2012\/11\/pro-68xri.jpg\" alt=\"Whistler PRO 68 XRi Euro\" style=\"margin-top:10px;\"  \/><\/div>\n<\/div>\n<div class=\"col-12\">\n<p><h4 style=\"text-transform:none;\">Antyradar Whistler Pro-68XRi EURO<\/h4>\n<p>Szczeg\u00f3lny nacisk po\u0142o\u017cono na znaczn\u0105 popraw\u0119 detekcji w pa\u015bmie Ka, czego wynikiem jest wprowadzenie w\u0105skiego trybu pasma KA &#8211; Ka NARROW. Zwi\u0119kszono tak\u017ce szybko\u015b\u0107 reakcji na bardzo kr\u00f3tkie impulsy w pa\u015bmie K co zapewnia bezproblemow\u0105 detekcj\u0119 radar\u00f3w takich jak np. ISKRA.<br \/>\n<a title=\"Antyradar Whistler PRO-68XRi Euro\" href=\"http:\/\/www.revosklep.pl\/pl\/p\/Antyradar-Pro-68XRi-EURO\/96\" target=\"_blank\">czytaj wi\u0119cej o Whistler PRO-68XRi EURO<\/a><\/p>\n<\/div>\n<div class=\"divider\"><\/div>\n<div class=\"col-14\">\n<div><img decoding=\"async\" src=\"http:\/\/www.revotech.pl\/wp-content\/uploads\/2012\/11\/gt-435xi.jpg\" alt=\"Whistler GT 435\" style=\"margin-top:10px;\"  \/><\/div>\n<\/div>\n<div class=\"col-12\">\n<p><h4 style=\"text-transform:none;\">Antyradar Whistler GT-435Xi EURO<\/h4>\n<p>Antyradar zosta\u0142 wyposa\u017cony w nowy wy\u015bwietlacz OLED, kt\u00f3ry zapewnia du\u017co lepszy kontrast i jasno\u015b\u0107 wy\u015bwietlanych komunikat\u00f3w. GT-435Xi wykrywa najnowsze Europejskie pistolety laserowe Traffi patrol XR, Riegl, Jenoptik, Laveg, Truspeed i inne, kt\u00f3re nie by\u0142y wcze\u015bniej wykrywane przez \u017caden model Whistlera.<\/p>\n<p><a title=\"Antyradar Whistler 435Xi Euro\" href=\"http:\/\/www.revosklep.pl\/pl\/p\/Antyradar-GT-435Xi-EURO\/98\" target=\"_blank\">czytaj wi\u0119cej o Whistler GT-435Xi EURO<\/a><\/div>\n<div class=\"divider\"><\/div>\n<div class=\"col-14\">\n<div><img decoding=\"async\" src=\"http:\/\/www.revotech.pl\/wp-content\/uploads\/2012\/11\/gt-265xi.jpg\" alt=\"Whistler GT-265Xi EURO\" style=\"margin-top:10px;\"  \/><\/div>\n<\/div>\n<div class=\"col-12\">\n<p><h4 style=\"text-transform:none;\">Antyradar Whistler GT-265Xi EURO<\/h4>\n<p>Wykrywacz GT-265Xi posiada mo\u017cliwo\u015b\u0107 zmiany jasno\u015bci wy\u015bwietlacza, funkcje automatycznego wyciszenia oraz trzy tryby do jazdy w mie\u015bcie. Dodatkowo posiada numeryczny wska\u017anik si\u0142y sygna\u0142u. Peryskopowe diody alarmowe zapewniaj\u0105 dodatkowe ostrze\u017cenie w przypadku wykrycia zagro\u017cenia. Funkcja STAY ALERT pozwala na sprawdzenie koncentracji kierowc\u00f3w pokonuj\u0105cych d\u0142ugie dystanse. <\/p>\n<p><a title=\"Antyradar Whistler GT-265Xi EURO\" href=\"http:\/\/www.revosklep.pl\/pl\/p\/Antyradar-GT-265Xi-EURO\/99\" target=\"_blank\">czytaj wi\u0119cej o Whistler GT-265Xi EURO<\/a><\/div>\n<div class=\"divider\"><\/div>\n<div class=\"col-14\">\n<div><img decoding=\"async\" src=\"http:\/\/www.revotech.pl\/wp-content\/uploads\/2012\/11\/gt-130xi.jpg\" alt=\"Whistler GT-130 EURO\" style=\"margin-top:10px;\"  \/><\/div>\n<\/div>\n<div class=\"col-12\">\n<p><h4 style=\"text-transform:none;\">Antyradar Whistler GT-130Xi EURO<\/h4>\n<p>Jako pierwszy na \u015bwiecie zosta\u0142 wyposa\u017cony w odr\u0119bn\u0105 funkcj\u0119 \u2018K Pulse\u2019, opracowan\u0105 specjalnie dla wykrywania impulsowych radar\u00f3w Iskra-1, Iskra-M, Video-Iskra, Radius i Berkut. Dzi\u0119ki temu jest gotowy do detekcji tych niezwykle trudnych do wykrycia przez inne wykrywacze radar\u00f3w impulsowych i to w ka\u017cdym z tryb\u00f3w ich pracy.<\/p>\n<p><a title=\"Antyradar Whistler GT-130Xi EURO\" href=\"http:\/\/www.revosklep.pl\/pl\/p\/Antyradar-GT-130Xi-EURO\/100\" target=\"_blank\">czytaj wi\u0119cej o Whistler GT-130Xi EURO<\/a><\/div>\n<div class=\"divider\"><\/div>\n<div class=\"clear\"><\/div>\n","protected":false},"excerpt":{"rendered":"<p>Antyradary Escort \/ Antyradary Whistler \/ Jammer Laser Interceptor \/ Produkty Logitech Whistler &#8211; najnowsza linia antyradar\u00f3w Antyradar Whistler PRO-78XRi EURO Antyradar Whistler PRO 78XRi Euro nale\u017cy do najnowszej linii detektor\u00f3w producenta, przygotowanej wy\u0142\u0105cznie na poszczeg\u00f3lne rynki europejskie. Oparty o rozwi\u0105zania poprzednika, prezentuje jednak zupe\u0142nie now\u0105 funkcjonalno\u015b\u0107 i mo\u017cliwo\u015bci. Szczeg\u00f3lny nacisk po\u0142o\u017cono na znaczn\u0105 popraw\u0119 [&hellip;]<\/p>\n","protected":false},"author":1,"featured_media":0,"parent":0,"menu_order":0,"comment_status":"closed","ping_status":"open","template":"fullwidth.php","meta":{"footnotes":""},"_links":{"self":[{"href":"https:\/\/www.revotech.pl\/index.php\/wp-json\/wp\/v2\/pages\/1262"}],"collection":[{"href":"https:\/\/www.revotech.pl\/index.php\/wp-json\/wp\/v2\/pages"}],"about":[{"href":"https:\/\/www.revotech.pl\/index.php\/wp-json\/wp\/v2\/types\/page"}],"author":[{"embeddable":true,"href":"https:\/\/www.revotech.pl\/index.php\/wp-json\/wp\/v2\/users\/1"}],"replies":[{"embeddable":true,"href":"https:\/\/www.revotech.pl\/index.php\/wp-json\/wp\/v2\/comments?post=1262"}],"version-history":[{"count":9,"href":"https:\/\/www.revotech.pl\/index.php\/wp-json\/wp\/v2\/pages\/1262\/revisions"}],"predecessor-version":[{"id":1273,"href":"https:\/\/www.revotech.pl\/index.php\/wp-json\/wp\/v2\/pages\/1262\/revisions\/1273"}],"wp:attachment":[{"href":"https:\/\/www.revotech.pl\/index.php\/wp-json\/wp\/v2\/media?parent=1262"}],"curies":[{"name":"wp","href":"https:\/\/api.w.org\/{rel}","templated":true}]}}