{"id":2,"date":"2011-04-29T07:31:07","date_gmt":"2011-04-29T07:31:07","guid":{"rendered":"http:\/\/revotech.home.pl\/autoinstalator\/wordpress4\/?page_id=2"},"modified":"2011-08-15T09:31:33","modified_gmt":"2011-08-15T09:31:33","slug":"revotech","status":"publish","type":"page","link":"https:\/\/www.revotech.pl\/index.php\/revotech\/","title":{"rendered":"Firma"},"content":{"rendered":"<h4>Revotech \u2013 pionierzy i profesjonali\u015bci<\/h4>\n<p><strong>Ponad 8 lat do\u015bwiadczenia, produkty wprost od najlepszych producent\u00f3w na \u015bwiecie i perfekcyjna obs\u0142uga Klient\u00f3w \u2013 tak najkr\u00f3cej mo\u017cna scharakteryzowa\u0107 ofert\u0119 firmy Revotech.<\/strong><\/p>\n<p>Revotech specjalizuje si\u0119 w dystrybucji i instalacji ekskluzywnych urz\u0105dze\u0144 samochodowych. Dzi\u0119ki wsp\u00f3\u0142pracy z renomowanymi producentami, jak Escort Inc. czy Laser Interceptor i profesjonalnej obs\u0142udze, stali\u015bmy si\u0119 wiarygodnym i zaufanym partnerem dla odbiorc\u00f3w z ca\u0142ej Polski.<\/p>\n<p>W\u0142a\u015bnie dzi\u0119ki wsp\u00f3\u0142pracy z Escort Inc. w 2009 roku udost\u0119pnili\u015bmy naszym Klientom <strong>pionierskie rozwi\u0105zanie: wykrywacz radar\u00f3w X50 Euro<\/strong>, dedykowany specjalnie dla rynku europejskiego. Rok p\u00f3\u017aniej linia produkt\u00f3w Escort wzbogaci\u0142a si\u0119 o nowy rozdzielny antyradar Qi45 Euro.<\/p>\n<p>Wiemy, \u017ce Klienci oczekuj\u0105 od nas najwy\u017cszej jako\u015bci obs\u0142ugi. Naszym zadaniem jest dostarczanie im ekskluzywnego sprz\u0119tu na jak najdogodniejszych warunkach. Dlatego <strong>postawili\u015bmy na jako\u015b\u0107 kontakt\u00f3w z Klientem<\/strong>, pocz\u0105wszy od doradztwa przy wyborze odpowiedniego urz\u0105dzenia, a sko\u0144czywszy na bezproblemowej obs\u0142udze zg\u0142osze\u0144 gwarancyjnych. <\/p>\n<p>Stworzyli\u015bmy tak\u017ce rozbudowan\u0105 <strong>sie\u0107 dystrybutor\u00f3w, kt\u00f3ra zapewnia szybk\u0105 i bezpieczn\u0105 dostaw\u0119 naszych produkt\u00f3w<\/strong> do ka\u017cdego odbiorcy. Firmowe serwisy Revotech znajduj\u0105 si\u0119 dzi\u015b we wszystkich wi\u0119kszych miastach, dzi\u0119ki czemu w\u0142a\u015bciciele samochod\u00f3w mog\u0105 powierzy\u0107 monta\u017c urz\u0105dze\u0144 do\u015bwiadczonym fachowcom.<\/p>\n<p><strong>Wsp\u00f3\u0142pracujemy z liderami w bran\u017cy ekskluzywnych urz\u0105dze\u0144 samochodowych<\/strong>. Wspomniany ju\u017c Escort Inc. przyzna\u0142 nam status oficjalnego dystrybutora. Jeste\u015bmy tak\u017ce przedstawicielami chorwackiej marki Laser Interceptor, najs\u0142ynniejszego producenta profesjonalnych system\u00f3w ochrony laserowej. Sie\u0107 dystrybucji urz\u0105dze\u0144  Laser Interceptor tworzymy wsp\u00f3lnie z wroc\u0142awsk\u0105 firm\u0105 Neo Magnetics. W naszej ofercie znajduj\u0105 si\u0119 ponadto wykrywacze radar\u00f3w Whister, Cobra i Valentine One. Dzi\u0119ki bezpo\u015brednim umowom z producentami mo\u017cemy zaproponowa\u0107 <strong>konkurencyjne, najni\u017csze na rynku ceny.<\/strong><\/p>\n<p>Od 2003 roku Revotech prowadzi tak\u017ce dzia\u0142alno\u015b\u0107 w zakresie importu i dystrybucji markowego sprz\u0119tu elektronicznego:<br \/>\n<\/p>\n<ul class=\"itemlist\">\n<li>nawigacji samochodowych firm: Garmin, Navigon, TomTom i inne,<\/li>\n<li>czujnik\u00f3w parkowania,<\/li>\n<li>akcesori\u00f3w komputerowych marek: Logitech, Genius, Thrustmaster,<\/li>\n<li>aparat\u00f3w fotograficznych: Nikon, Olympus, Panasonic.<\/li>\n<\/ul>\n<p><\/p>\n<p>Zapraszamy do wsp\u00f3\u0142pracy.<\/p>\n","protected":false},"excerpt":{"rendered":"<p>Revotech \u2013 pionierzy i profesjonali\u015bci Ponad 8 lat do\u015bwiadczenia, produkty wprost od najlepszych producent\u00f3w na \u015bwiecie i perfekcyjna obs\u0142uga Klient\u00f3w \u2013 tak najkr\u00f3cej mo\u017cna scharakteryzowa\u0107 ofert\u0119 firmy Revotech. Revotech specjalizuje si\u0119 w dystrybucji i instalacji ekskluzywnych urz\u0105dze\u0144 samochodowych. Dzi\u0119ki wsp\u00f3\u0142pracy z renomowanymi producentami, jak Escort Inc. czy Laser Interceptor i profesjonalnej obs\u0142udze, stali\u015bmy si\u0119 wiarygodnym [&hellip;]<\/p>\n","protected":false},"author":1,"featured_media":0,"parent":0,"menu_order":1,"comment_status":"open","ping_status":"open","template":"","meta":{"footnotes":""},"_links":{"self":[{"href":"https:\/\/www.revotech.pl\/index.php\/wp-json\/wp\/v2\/pages\/2"}],"collection":[{"href":"https:\/\/www.revotech.pl\/index.php\/wp-json\/wp\/v2\/pages"}],"about":[{"href":"https:\/\/www.revotech.pl\/index.php\/wp-json\/wp\/v2\/types\/page"}],"author":[{"embeddable":true,"href":"https:\/\/www.revotech.pl\/index.php\/wp-json\/wp\/v2\/users\/1"}],"replies":[{"embeddable":true,"href":"https:\/\/www.revotech.pl\/index.php\/wp-json\/wp\/v2\/comments?post=2"}],"version-history":[{"count":10,"href":"https:\/\/www.revotech.pl\/index.php\/wp-json\/wp\/v2\/pages\/2\/revisions"}],"predecessor-version":[{"id":1162,"href":"https:\/\/www.revotech.pl\/index.php\/wp-json\/wp\/v2\/pages\/2\/revisions\/1162"}],"wp:attachment":[{"href":"https:\/\/www.revotech.pl\/index.php\/wp-json\/wp\/v2\/media?parent=2"}],"curies":[{"name":"wp","href":"https:\/\/api.w.org\/{rel}","templated":true}]}}