{"id":4,"date":"2011-04-29T07:46:26","date_gmt":"2011-04-29T07:46:26","guid":{"rendered":"http:\/\/revotech.home.pl\/autoinstalator\/wordpress4\/?page_id=4"},"modified":"2017-11-21T18:13:11","modified_gmt":"2017-11-21T18:13:11","slug":"kontakt","status":"publish","type":"page","link":"https:\/\/www.revotech.pl\/index.php\/kontakt\/","title":{"rendered":"Kontakt"},"content":{"rendered":"<div class=\"col-14\">\n<h5>Dystrybucja<br \/>\nwszystkich produkt\u00f3w:<\/h5>\n<p>Tel : (+48) 667 002 000<br \/>\nEmail : <a href=\"&#109;&#97;&#105;&#108;&#116;&#111;&#58;&#97;&#50;&#64;&#114;&#101;&#118;&#111;&#116;&#101;&#99;&#104;&#46;&#112;&#108;\">&#97;&#50;&#64;&#114;&#101;&#118;&#111;&#116;&#101;&#99;&#104;&#46;&#112;&#108;<\/a><\/p>\n<\/div>\n<div class=\"col-14\">\n<h5>Sprzeda\u017c przez Allegro:<\/h5>\n<p>Email : <a href=\"&#109;&#97;&#105;&#108;&#116;&#111;&#58;&#111;&#102;&#102;&#105;&#99;&#101;&#64;&#114;&#101;&#118;&#111;&#116;&#101;&#99;&#104;&#46;&#112;&#108;\">&#111;&#102;&#102;&#105;&#99;&#101;&#64;&#114;&#101;&#118;&#111;&#116;&#101;&#99;&#104;&#46;&#112;&#108;<\/a><\/p>\n<\/div>\n<div class=\"clear\"><\/div>\n<div class=\"col-14\">\n<h5>Dystrybucja<br \/>\nwy\u0142\u0105cznie produkt\u00f3w Escort:<\/h5>\n<p>Tel. : (+48) 667 002 000<br \/>\nEmail : <a href=\"&#109;&#97;&#105;&#108;&#116;&#111;&#58;&#105;&#110;&#102;&#111;&#64;&#101;&#115;&#99;&#111;&#114;&#116;&#114;&#97;&#100;&#97;&#114;&#46;&#112;&#108;\">&#105;&#110;&#102;&#111;&#64;&#101;&#115;&#99;&#111;&#114;&#116;&#114;&#97;&#100;&#97;&#114;&#46;&#112;&#108;<\/a><\/p>\n<\/div>\n<div class=\"clear\"><\/div>\n<div class=\"col-14\">\n<h5>Dzia\u0142 reklamacji:<\/h5>\n<p>Email : <a href=\"&#109;&#97;&#105;&#108;&#116;&#111;&#58;&#114;&#101;&#107;&#108;&#97;&#109;&#97;&#99;&#106;&#101;&#64;&#114;&#101;&#118;&#111;&#116;&#101;&#99;&#104;&#46;&#112;&#108;\">&#114;&#101;&#107;&#108;&#97;&#109;&#97;&#99;&#106;&#101;&#64;&#114;&#101;&#118;&#111;&#116;&#101;&#99;&#104;&#46;&#112;&#108;<\/a><\/p>\n<\/div>\n<div class=\"divider\"><\/div>\n","protected":false},"excerpt":{"rendered":"<p>Dystrybucja wszystkich produkt\u00f3w: Tel : (+48) 667 002 000 Email : &#97;&#50;&#64;&#114;&#101;&#118;&#111;&#116;&#101;&#99;&#104;&#46;&#112;&#108; Sprzeda\u017c przez Allegro: Email : &#111;&#102;&#102;&#105;&#99;&#101;&#64;&#114;&#101;&#118;&#111;&#116;&#101;&#99;&#104;&#46;&#112;&#108; Dystrybucja wy\u0142\u0105cznie produkt\u00f3w Escort: Tel. : (+48) 667 002 000 Email : &#105;&#110;&#102;&#111;&#64;&#101;&#115;&#99;&#111;&#114;&#116;&#114;&#97;&#100;&#97;&#114;&#46;&#112;&#108; Dzia\u0142 reklamacji: Email : &#114;&#101;&#107;&#108;&#97;&#109;&#97;&#99;&#106;&#101;&#64;&#114;&#101;&#118;&#111;&#116;&#101;&#99;&#104;&#46;&#112;&#108;<\/p>\n","protected":false},"author":1,"featured_media":0,"parent":0,"menu_order":4,"comment_status":"open","ping_status":"open","template":"contact-form.php","meta":{"footnotes":""},"_links":{"self":[{"href":"https:\/\/www.revotech.pl\/index.php\/wp-json\/wp\/v2\/pages\/4"}],"collection":[{"href":"https:\/\/www.revotech.pl\/index.php\/wp-json\/wp\/v2\/pages"}],"about":[{"href":"https:\/\/www.revotech.pl\/index.php\/wp-json\/wp\/v2\/types\/page"}],"author":[{"embeddable":true,"href":"https:\/\/www.revotech.pl\/index.php\/wp-json\/wp\/v2\/users\/1"}],"replies":[{"embeddable":true,"href":"https:\/\/www.revotech.pl\/index.php\/wp-json\/wp\/v2\/comments?post=4"}],"version-history":[{"count":66,"href":"https:\/\/www.revotech.pl\/index.php\/wp-json\/wp\/v2\/pages\/4\/revisions"}],"predecessor-version":[{"id":1309,"href":"https:\/\/www.revotech.pl\/index.php\/wp-json\/wp\/v2\/pages\/4\/revisions\/1309"}],"wp:attachment":[{"href":"https:\/\/www.revotech.pl\/index.php\/wp-json\/wp\/v2\/media?parent=4"}],"curies":[{"name":"wp","href":"https:\/\/api.w.org\/{rel}","templated":true}]}}