{"id":778,"date":"2011-07-19T08:07:24","date_gmt":"2011-07-19T08:07:24","guid":{"rendered":"http:\/\/revotech.home.pl\/autoinstalator\/wordpress4\/?page_id=778"},"modified":"2011-08-15T20:49:32","modified_gmt":"2011-08-15T20:49:32","slug":"oferta","status":"publish","type":"page","link":"https:\/\/www.revotech.pl\/index.php\/oferta\/","title":{"rendered":"Oferta"},"content":{"rendered":"<h4>Ekskluzywne urz\u0105dzenia dla najbardziej wymagaj\u0105cych Klient\u00f3w<\/h4>\n<p>Revotech to marka szczeg\u00f3lnie uwielbiana przez w\u0142a\u015bcicieli aut i mi\u0142o\u015bnik\u00f3w nowoczesnych technologii komputerowych. Tym pierwszym dostarczamy markowe antyradary i jammery, drugim proponujemy natomiast akcesoria komputerowe o nowoczesnym designie i bogatej funkcjonalno\u015bci.<\/p>\n<p>Nasza oferta to udany maria\u017c najnowocze\u015bniejszych urz\u0105dze\u0144 elektronicznych i unikalnego systemu sprzeda\u017cy w najni\u017cszych na polskim rynku cenach. Podsumujmy, co zyskuj\u0105 Pa\u0144stwo dzi\u0119ki wsp\u00f3\u0142pracy z Revotech:<\/p>\n<p><strong>Rozwi\u0105zania, tworzone przez najlepszych \u2013 Escort Inc. i Laser Interceptor\u2028\u2028<\/strong><br \/>\nJaki powinien by\u0107 idealny detektor? Na pewno musi zapewnia\u0107 pe\u0142n\u0105 ochron\u0119 przed wszystkimi radarami dost\u0119pnymi w Europie oraz zawiera\u0107 baz\u0119 punkt\u00f3w pomiaru pr\u0119dko\u015bci, na bie\u017c\u0105co aktualizowan\u0105 przez Internet. Jego ogromn\u0105 zalet\u0105 b\u0119dzie tak\u017ce \u0142atwo\u015b\u0107 monta\u017cu. <a href=\"\/index.php\/antyradary\/\">wi\u0119cej \u00bb<\/a><\/p>\n<p>Natomiast najlepsze jammery laserowe na \u015bwiecie, opr\u00f3cz 100-procentowej skuteczno\u015bci w ochronie samochodu, wspomagaj\u0105 tak\u017ce parkowanie. <a href=\"\/index.php\/jammer\/\">wi\u0119cej \u00bb<\/a><\/p>\n<p>\u2028\u2028Oferowane przez Revotech urz\u0105dzenia spe\u0142niaj\u0105 wszystkie te wymogi. Jeste\u015bmy dystrybutorami antyradar\u00f3w marki Escort Inc. oraz jammer\u00f3w sygnowanych znakiem Laser Interceptor. Zar\u00f3wno Escort, jak i  Laser Interceptor s\u0105 \u015bwiatowymi liderami w swojej bran\u017cy.\u2028<\/p>\n<p><strong>Designerskie projekty i osza\u0142amiaj\u0105ce mo\u017cliwo\u015bci &#8211; Logitech<\/strong><br \/>\n\u2028\u2028Wielbicieli gier komputerowych zaopatrujemy w ekskluzywne, wielofunkcyjne gad\u017cety \u2013 przede wszystkim kierownice, specjalne klawiatury i myszy oraz zestawy audio. Ju\u017c na pierwszy rzut oka akcesoria te wyr\u00f3\u017cniaj\u0105 si\u0119 nowoczesnym kszta\u0142tem, ale dopiero po pod\u0142\u0105czeniu do komputera ujawniaj\u0105 pe\u0142ni\u0119 swoich mo\u017cliwo\u015bci.<\/p>\n<p>\u2028\u2028U\u017cytkownikom komputer\u00f3w polecamy tak\u017ce ergonomiczne klawiatury i myszy oraz kamery internetowe, prezentery i piloty multimedialne. Dzi\u0119ki tym akcesoriom komputer, z kt\u00f3rego korzystamy na co dzie\u0144, stanie si\u0119 wygodnym narz\u0119dziem pracy lub niezast\u0105pionym centrum rozrywki. <a href=\"\/index.php\/produkty-logitech\/\">wi\u0119cej \u00bb<\/a><\/p>\n<p><strong>Profesjonalna obs\u0142uga Klienta<\/strong><br \/>\n\u2028\u2028Nasi pracownicy kompetentnie doradz\u0105 przy wyborze konkretnego urz\u0105dzenia i odpowiedz\u0105 na wszelkie Pa\u0144stwa pytania. W przypadku urz\u0105dze\u0144 samochodowych, zach\u0119camy tak\u017ce do skorzystania z us\u0142ug naszych instalator\u00f3w. Lista wszystkich punkt\u00f3w serwisowych dost\u0119pna jest tutaj.\u2028<\/p>\n<p><strong>Gwarancja satysfakcji albo zwrot pieni\u0119dzy\u2028\u2028<\/strong><br \/>\nTo w\u0142a\u015bnie dzi\u0119ki niej zyskuj\u0105 Pa\u0144stwo pewno\u015b\u0107, \u017ce transakcja przebiegnie wzorowo. <a href=\"\/index.php\/gwarancje-reklamacje-zwroty\/\">wi\u0119cej \u00bb<\/a><\/p>\n<p>Zapraszamy do sk\u0142adnia zam\u00f3wie\u0144.<\/p>\n","protected":false},"excerpt":{"rendered":"<p>Ekskluzywne urz\u0105dzenia dla najbardziej wymagaj\u0105cych Klient\u00f3w Revotech to marka szczeg\u00f3lnie uwielbiana przez w\u0142a\u015bcicieli aut i mi\u0142o\u015bnik\u00f3w nowoczesnych technologii komputerowych. Tym pierwszym dostarczamy markowe antyradary i jammery, drugim proponujemy natomiast akcesoria komputerowe o nowoczesnym designie i bogatej funkcjonalno\u015bci. Nasza oferta to udany maria\u017c najnowocze\u015bniejszych urz\u0105dze\u0144 elektronicznych i unikalnego systemu sprzeda\u017cy w najni\u017cszych na polskim rynku cenach. [&hellip;]<\/p>\n","protected":false},"author":1,"featured_media":0,"parent":0,"menu_order":2,"comment_status":"open","ping_status":"open","template":"","meta":{"footnotes":""},"_links":{"self":[{"href":"https:\/\/www.revotech.pl\/index.php\/wp-json\/wp\/v2\/pages\/778"}],"collection":[{"href":"https:\/\/www.revotech.pl\/index.php\/wp-json\/wp\/v2\/pages"}],"about":[{"href":"https:\/\/www.revotech.pl\/index.php\/wp-json\/wp\/v2\/types\/page"}],"author":[{"embeddable":true,"href":"https:\/\/www.revotech.pl\/index.php\/wp-json\/wp\/v2\/users\/1"}],"replies":[{"embeddable":true,"href":"https:\/\/www.revotech.pl\/index.php\/wp-json\/wp\/v2\/comments?post=778"}],"version-history":[{"count":18,"href":"https:\/\/www.revotech.pl\/index.php\/wp-json\/wp\/v2\/pages\/778\/revisions"}],"predecessor-version":[{"id":1131,"href":"https:\/\/www.revotech.pl\/index.php\/wp-json\/wp\/v2\/pages\/778\/revisions\/1131"}],"wp:attachment":[{"href":"https:\/\/www.revotech.pl\/index.php\/wp-json\/wp\/v2\/media?parent=778"}],"curies":[{"name":"wp","href":"https:\/\/api.w.org\/{rel}","templated":true}]}}