{"id":809,"date":"2011-07-20T20:22:04","date_gmt":"2011-07-20T20:22:04","guid":{"rendered":"http:\/\/revotech.home.pl\/autoinstalator\/wordpress4\/?page_id=809"},"modified":"2011-09-01T18:32:34","modified_gmt":"2011-09-01T18:32:34","slug":"gwarancje-reklamacje-zwroty","status":"publish","type":"page","link":"https:\/\/www.revotech.pl\/index.php\/gwarancje-reklamacje-zwroty\/","title":{"rendered":"gwarancje \/ reklamacje \/ zwroty"},"content":{"rendered":"<h4>Gwarancja satysfakcji albo zwrot pieni\u0119dzy<\/h4>\n<p>Zamawiaj\u0105c markowe urz\u0105dzenie oczekuj\u0105 Pa\u0144stwo wzorowo przeprowadzonej transakcji. Nasza gwarancja jest najlepszym potwierdzeniem dba\u0142o\u015bci o ka\u017cdy szczeg\u00f3\u0142 naszej wsp\u00f3\u0142pracy: najwy\u017csz\u0105 jako\u015b\u0107 produkt\u00f3w, szybk\u0105 i bezpieczn\u0105 dostaw\u0119 oraz pe\u0142n\u0105 obs\u0142ug\u0119 posprzeda\u017cow\u0105.<\/p>\n<p>Gwarantujemy, \u017ce dostarczane przez Revotech urz\u0105dzenia spe\u0142ni\u0105 Pa\u0144stwa oczekiwania w 100% &#8211; w przeciwnym razie zapewniamy zwrot pieni\u0119dzy.<\/p>\n<p>Jedynym dokumentem potwierdzaj\u0105cym gwarancj\u0119 jest faktura lub rachunek, dlatego prosimy o jego zachowanie.<\/p>\n<p>Zgodnie z przepisami, na ewentualny zwrot zakupionego towaru maj\u0105 Pa\u0144stwo 10 dni od dnia dor\u0119czenia przesy\u0142ki. Warunkiem przyj\u0119cia przez Revotech zwrotu towaru jest odes\u0142anie go w oryginalnym opakowaniu i nienaruszonym stanie, wraz z czytelnie wype\u0142nionym formularzem reklamacyjnym.<\/p>\n<p>&#8212;<\/p>\n<h4>pliki do pobrania<\/h4>\n<p>formularz zwrotu &#8211; <a href=\"http:\/\/revotech.pl\/wp-content\/uploads\/2011\/07\/formularz-zwrotu.pdf\" title=\"formularz zwrotu\" target=\"_blank\">pobierz<\/a><\/p>\n","protected":false},"excerpt":{"rendered":"<p>Gwarancja satysfakcji albo zwrot pieni\u0119dzy Zamawiaj\u0105c markowe urz\u0105dzenie oczekuj\u0105 Pa\u0144stwo wzorowo przeprowadzonej transakcji. Nasza gwarancja jest najlepszym potwierdzeniem dba\u0142o\u015bci o ka\u017cdy szczeg\u00f3\u0142 naszej wsp\u00f3\u0142pracy: najwy\u017csz\u0105 jako\u015b\u0107 produkt\u00f3w, szybk\u0105 i bezpieczn\u0105 dostaw\u0119 oraz pe\u0142n\u0105 obs\u0142ug\u0119 posprzeda\u017cow\u0105. Gwarantujemy, \u017ce dostarczane przez Revotech urz\u0105dzenia spe\u0142ni\u0105 Pa\u0144stwa oczekiwania w 100% &#8211; w przeciwnym razie zapewniamy zwrot pieni\u0119dzy. Jedynym dokumentem [&hellip;]<\/p>\n","protected":false},"author":1,"featured_media":0,"parent":0,"menu_order":1,"comment_status":"closed","ping_status":"open","template":"","meta":{"footnotes":""},"_links":{"self":[{"href":"https:\/\/www.revotech.pl\/index.php\/wp-json\/wp\/v2\/pages\/809"}],"collection":[{"href":"https:\/\/www.revotech.pl\/index.php\/wp-json\/wp\/v2\/pages"}],"about":[{"href":"https:\/\/www.revotech.pl\/index.php\/wp-json\/wp\/v2\/types\/page"}],"author":[{"embeddable":true,"href":"https:\/\/www.revotech.pl\/index.php\/wp-json\/wp\/v2\/users\/1"}],"replies":[{"embeddable":true,"href":"https:\/\/www.revotech.pl\/index.php\/wp-json\/wp\/v2\/comments?post=809"}],"version-history":[{"count":18,"href":"https:\/\/www.revotech.pl\/index.php\/wp-json\/wp\/v2\/pages\/809\/revisions"}],"predecessor-version":[{"id":1214,"href":"https:\/\/www.revotech.pl\/index.php\/wp-json\/wp\/v2\/pages\/809\/revisions\/1214"}],"wp:attachment":[{"href":"https:\/\/www.revotech.pl\/index.php\/wp-json\/wp\/v2\/media?parent=809"}],"curies":[{"name":"wp","href":"https:\/\/api.w.org\/{rel}","templated":true}]}}