{"id":833,"date":"2011-07-21T18:09:53","date_gmt":"2011-07-21T18:09:53","guid":{"rendered":"http:\/\/revotech.home.pl\/autoinstalator\/wordpress4\/?page_id=833"},"modified":"2011-08-14T20:04:11","modified_gmt":"2011-08-14T20:04:11","slug":"wspolpraca","status":"publish","type":"page","link":"https:\/\/www.revotech.pl\/index.php\/wspolpraca\/","title":{"rendered":"wsp\u00f3\u0142praca"},"content":{"rendered":"<h4>Presti\u017cowa oferta dla Partner\u00f3w Handlowych<\/h4>\n<p>Je\u015bli prowadz\u0105 Pa\u0144stwo:<br \/>\n<\/p>\n<ul class=\"checklist\">\n<li>Salon Samochodowy,<\/li>\n<li>punkt Car Audio,<\/li>\n<li>przedsi\u0119biorstwo handlowe,<\/li>\n<li>serwis<\/li>\n<li>indywidualn\u0105 dzia\u0142alno\u015b\u0107 instalatorsk\u0105<\/li>\n<\/ul>\n<p><\/p>\n<p>zapraszamy Pa\u0144stwa do wsp\u00f3\u0142pracy z Revotech w charakterze Partnera Handlowego.<\/p>\n<p>Wiemy, \u017ce na naszym rynku funkcjonuje wiele firm, dla kt\u00f3rych \u2013 podobnie jak dla nas \u2013 liczy si\u0119 szacunek i renoma w\u015br\u00f3d Klient\u00f3w. Wyszukujemy i zapraszamy do wsp\u00f3\u0142pracy Przedsi\u0119biorc\u00f3w, kt\u00f3rzy d\u0105\u017c\u0105 do perfekcji i chc\u0105 oferowa\u0107 swoim odbiorcom ekskluzywne produkty i najlepsz\u0105 obs\u0142ug\u0119 Klienta.<\/p>\n<p>Od ponad 8 lat specjalizujemy si\u0119 w bezpo\u015brednim imporcie urz\u0105dze\u0144 z USA, Chin i Japonii. Partnerom Revotech oferujemy stabilne warunki wsp\u00f3\u0142pracy przy realizacji perspektywicznych cel\u00f3w handlowych. Proponujemy im indywidualne modele biznesowe, a tak\u017ce wymian\u0119 informacji i do\u015bwiadcze\u0144, kt\u00f3re mog\u0105 stanowi\u0107 dla nich cenny wk\u0142ad w budowanie w\u0142asnego wizerunku.<\/p>\n<p>Dystrybuowanie i instalacja ekskluzywnych urz\u0105dze\u0144 sprawia, \u017ce nasze kontakty z Partnerami Handlowymi maj\u0105 presti\u017cowy charakter. Zesp\u00f3\u0142 Revotech sk\u0142ada si\u0119 z kompetentnych i do\u015bwiadczonych specjalist\u00f3w, kt\u00f3rzy zwracaj\u0105 uwag\u0119 tak\u017ce na mi\u0142\u0105 atmosfer\u0119 wsp\u00f3\u0142pracy.<\/p>\n<p>Z przyjemno\u015bci\u0105 odpowiemy na Pa\u0144stwa zg\u0142oszenia i pytania. Prosimy o kontakt z biurem Revotech.<\/p>\n","protected":false},"excerpt":{"rendered":"<p>Presti\u017cowa oferta dla Partner\u00f3w Handlowych Je\u015bli prowadz\u0105 Pa\u0144stwo: zapraszamy Pa\u0144stwa do wsp\u00f3\u0142pracy z Revotech w charakterze Partnera Handlowego. Wiemy, \u017ce na naszym rynku funkcjonuje wiele firm, dla kt\u00f3rych \u2013 podobnie jak dla nas \u2013 liczy si\u0119 szacunek i renoma w\u015br\u00f3d Klient\u00f3w. Wyszukujemy i zapraszamy do wsp\u00f3\u0142pracy Przedsi\u0119biorc\u00f3w, kt\u00f3rzy d\u0105\u017c\u0105 do perfekcji i chc\u0105 oferowa\u0107 swoim [&hellip;]<\/p>\n","protected":false},"author":1,"featured_media":0,"parent":0,"menu_order":4,"comment_status":"closed","ping_status":"open","template":"","meta":{"footnotes":""},"_links":{"self":[{"href":"https:\/\/www.revotech.pl\/index.php\/wp-json\/wp\/v2\/pages\/833"}],"collection":[{"href":"https:\/\/www.revotech.pl\/index.php\/wp-json\/wp\/v2\/pages"}],"about":[{"href":"https:\/\/www.revotech.pl\/index.php\/wp-json\/wp\/v2\/types\/page"}],"author":[{"embeddable":true,"href":"https:\/\/www.revotech.pl\/index.php\/wp-json\/wp\/v2\/users\/1"}],"replies":[{"embeddable":true,"href":"https:\/\/www.revotech.pl\/index.php\/wp-json\/wp\/v2\/comments?post=833"}],"version-history":[{"count":33,"href":"https:\/\/www.revotech.pl\/index.php\/wp-json\/wp\/v2\/pages\/833\/revisions"}],"predecessor-version":[{"id":845,"href":"https:\/\/www.revotech.pl\/index.php\/wp-json\/wp\/v2\/pages\/833\/revisions\/845"}],"wp:attachment":[{"href":"https:\/\/www.revotech.pl\/index.php\/wp-json\/wp\/v2\/media?parent=833"}],"curies":[{"name":"wp","href":"https:\/\/api.w.org\/{rel}","templated":true}]}}