{"id":854,"date":"2011-07-22T11:08:14","date_gmt":"2011-07-22T11:08:14","guid":{"rendered":"http:\/\/revotech.home.pl\/autoinstalator\/wordpress4\/?page_id=854"},"modified":"2012-11-26T22:06:51","modified_gmt":"2012-11-26T22:06:51","slug":"produkty-logitech","status":"publish","type":"page","link":"https:\/\/www.revotech.pl\/index.php\/produkty-logitech\/","title":{"rendered":"Produkty Logitech"},"content":{"rendered":"<div style=\"font-size: 13px; padding-bottom: 15px;\"><a title=\"Najlepsze antyradary\" href=\"http:\/\/revotech.pl\/index.php\/antyradary\/\">Antyradary Escort<\/a> \/ <a title=\"Antyradary Whistler\" href=\"http:\/\/www.revotech.pl\/index.php\/whistler\/\">Antyradary Whistler<\/a> \/ <a title=\"Jammer Laser Interceptor\" href=\"http:\/\/revotech.pl\/index.php\/jammer\/\">Jammer Laser Interceptor<\/a> \/ Produkty Logitech<\/div>\n<p><img loading=\"lazy\" decoding=\"async\" width=\"900\" height=\"216\" class=\"alignnone size-full wp-image-1038\" title=\"produkty-logitech\" src=\"http:\/\/revotech.pl\/wp-content\/uploads\/2011\/07\/produkty-logitech.jpg\" alt=\"\" srcset=\"https:\/\/www.revotech.pl\/wp-content\/uploads\/2011\/07\/produkty-logitech.jpg 900w, https:\/\/www.revotech.pl\/wp-content\/uploads\/2011\/07\/produkty-logitech-300x72.jpg 300w\" sizes=\"(max-width: 900px) 100vw, 900px\" \/><\/p>\n<div class=\"col-12\">\n<h4 style=\"text-transform: none;\">Akcesoria komputerowe Logitech<\/h4>\n<p>Od kilku lat zajmujemy si\u0119 sprzeda\u017c\u0105 znakomitych akcesori\u00f3w komputerowych marki Logitech. W naszej ofercie znajduj\u0105 si\u0119 profesjonalne gad\u017cety dla mi\u0142o\u015bnik\u00f3w gier komputerowych, w\u015br\u00f3d nich kierownice, wielofunkcyjne klawiatury i myszy a tak\u017ce zestawy g\u0142o\u015bnik\u00f3w.<\/p>\n<p>Oferujemy r\u00f3wnie\u017c ergonomiczne klawiatury i myszy, u\u0142atwiaj\u0105ce codzienn\u0105 prac\u0119 z komputerem. Wysokiej rozdzielczo\u015bci kamerki internetowe uatrakcyjni\u0105 serfowanie po internecie a prezentery i wielofunkcyjne piloty multimedialne usprawni\u0105 obs\u0142ug\u0119 domowego centrum rozrywki.<\/p><\/div>\n","protected":false},"excerpt":{"rendered":"<p>Antyradary Escort \/ Antyradary Whistler \/ Jammer Laser Interceptor \/ Produkty Logitech Akcesoria komputerowe Logitech Od kilku lat zajmujemy si\u0119 sprzeda\u017c\u0105 znakomitych akcesori\u00f3w komputerowych marki Logitech. W naszej ofercie znajduj\u0105 si\u0119 profesjonalne gad\u017cety dla mi\u0142o\u015bnik\u00f3w gier komputerowych, w\u015br\u00f3d nich kierownice, wielofunkcyjne klawiatury i myszy a tak\u017ce zestawy g\u0142o\u015bnik\u00f3w. Oferujemy r\u00f3wnie\u017c ergonomiczne klawiatury i myszy, u\u0142atwiaj\u0105ce [&hellip;]<\/p>\n","protected":false},"author":1,"featured_media":0,"parent":0,"menu_order":0,"comment_status":"closed","ping_status":"open","template":"fullwidth.php","meta":{"footnotes":""},"_links":{"self":[{"href":"https:\/\/www.revotech.pl\/index.php\/wp-json\/wp\/v2\/pages\/854"}],"collection":[{"href":"https:\/\/www.revotech.pl\/index.php\/wp-json\/wp\/v2\/pages"}],"about":[{"href":"https:\/\/www.revotech.pl\/index.php\/wp-json\/wp\/v2\/types\/page"}],"author":[{"embeddable":true,"href":"https:\/\/www.revotech.pl\/index.php\/wp-json\/wp\/v2\/users\/1"}],"replies":[{"embeddable":true,"href":"https:\/\/www.revotech.pl\/index.php\/wp-json\/wp\/v2\/comments?post=854"}],"version-history":[{"count":18,"href":"https:\/\/www.revotech.pl\/index.php\/wp-json\/wp\/v2\/pages\/854\/revisions"}],"predecessor-version":[{"id":1276,"href":"https:\/\/www.revotech.pl\/index.php\/wp-json\/wp\/v2\/pages\/854\/revisions\/1276"}],"wp:attachment":[{"href":"https:\/\/www.revotech.pl\/index.php\/wp-json\/wp\/v2\/media?parent=854"}],"curies":[{"name":"wp","href":"https:\/\/api.w.org\/{rel}","templated":true}]}}